{"id":2,"date":"2018-11-27T13:12:41","date_gmt":"2018-11-27T12:12:41","guid":{"rendered":"http:\/\/starytatko.sk\/?page_id=2"},"modified":"2021-09-27T19:54:52","modified_gmt":"2021-09-27T17:54:52","slug":"stary-tatko","status":"publish","type":"page","link":"https:\/\/starytatko.sk\/","title":{"rendered":"Star\u00fd tatko"},"content":{"rendered":"<p>\u00a0<\/p>\n<p><img loading=\"lazy\" class=\"aligncenter wp-image-851 size-full\" src=\"https:\/\/starytatko.sk\/wp-content\/uploads\/2019\/03\/PicsArt_03-16-12.36.56.jpg\" alt=\"\" width=\"1080\" height=\"1057\" srcset=\"https:\/\/starytatko.sk\/wp-content\/uploads\/2019\/03\/PicsArt_03-16-12.36.56.jpg 1080w, https:\/\/starytatko.sk\/wp-content\/uploads\/2019\/03\/PicsArt_03-16-12.36.56-300x294.jpg 300w, https:\/\/starytatko.sk\/wp-content\/uploads\/2019\/03\/PicsArt_03-16-12.36.56-768x752.jpg 768w, https:\/\/starytatko.sk\/wp-content\/uploads\/2019\/03\/PicsArt_03-16-12.36.56-1024x1002.jpg 1024w, https:\/\/starytatko.sk\/wp-content\/uploads\/2019\/03\/PicsArt_03-16-12.36.56-600x587.jpg 600w\" sizes=\"(max-width: 1080px) 100vw, 1080px\" \/><\/p>\n<p>\u00a0<\/p>\n<p style=\"text-align: center;\">Star\u00fd tatko to nie je len predaj kadejak\u00fdch dar\u010dekov, tri\u010diek \u010di hrn\u010dekov. Je to tak\u00e1 v \u00favodzovk\u00e1ch &#8220;rodinno-priate\u013esk\u00e1&#8221; firmi\u010dka, ktor\u00e1 m\u00e1 uchv\u00e1ti\u0165 nejedn\u00e9ho z V\u00e1s preto\u017ee v\u0161etko \u010do rob\u00edme, rob\u00edme z l\u00e1sky k V\u00e1m.<\/p>\n<p>\u00a0<\/p>\n<p><img loading=\"lazy\" class=\"aligncenter wp-image-852 size-full\" src=\"https:\/\/starytatko.sk\/wp-content\/uploads\/2019\/03\/PicsArt_03-16-12.35.35.jpg\" alt=\"\" width=\"1080\" height=\"785\" srcset=\"https:\/\/starytatko.sk\/wp-content\/uploads\/2019\/03\/PicsArt_03-16-12.35.35.jpg 1080w, https:\/\/starytatko.sk\/wp-content\/uploads\/2019\/03\/PicsArt_03-16-12.35.35-300x218.jpg 300w, https:\/\/starytatko.sk\/wp-content\/uploads\/2019\/03\/PicsArt_03-16-12.35.35-768x558.jpg 768w, https:\/\/starytatko.sk\/wp-content\/uploads\/2019\/03\/PicsArt_03-16-12.35.35-1024x744.jpg 1024w, https:\/\/starytatko.sk\/wp-content\/uploads\/2019\/03\/PicsArt_03-16-12.35.35-600x436.jpg 600w\" sizes=\"(max-width: 1080px) 100vw, 1080px\" \/><\/p>\n<p>\u00a0<\/p>\n<p style=\"text-align: center;\">Star\u00fd tatko m\u00e1 pre V\u00e1s nachystan\u00e9 smaltovam\u00e9 hrn\u010deky, keramick\u00e9 hrn\u010deky \u010di tri\u010dk\u00e1 pre mal\u00fdch aj ve\u013ek\u00fdch s humorn\u00fdmi textami a nielen to.<\/p>\n<p style=\"text-align: center;\">Sta\u010d\u00ed si vybra\u0165 z bohatej ponuky. Sn\u00e1\u010f si tu n\u00e1jde ka\u017ed\u00fd to svoje.<\/p>\n<p><img loading=\"lazy\" class=\"aligncenter wp-image-855 size-full\" src=\"https:\/\/starytatko.sk\/wp-content\/uploads\/2019\/03\/PicsArt_03-16-12.36.03.jpg\" alt=\"\" width=\"1080\" height=\"1061\" srcset=\"https:\/\/starytatko.sk\/wp-content\/uploads\/2019\/03\/PicsArt_03-16-12.36.03.jpg 1080w, https:\/\/starytatko.sk\/wp-content\/uploads\/2019\/03\/PicsArt_03-16-12.36.03-300x295.jpg 300w, https:\/\/starytatko.sk\/wp-content\/uploads\/2019\/03\/PicsArt_03-16-12.36.03-768x754.jpg 768w, https:\/\/starytatko.sk\/wp-content\/uploads\/2019\/03\/PicsArt_03-16-12.36.03-1024x1006.jpg 1024w, https:\/\/starytatko.sk\/wp-content\/uploads\/2019\/03\/PicsArt_03-16-12.36.03-600x589.jpg 600w\" sizes=\"(max-width: 1080px) 100vw, 1080px\" \/><\/p>\n<p><img loading=\"lazy\" class=\"aligncenter wp-image-853 size-full\" src=\"https:\/\/starytatko.sk\/wp-content\/uploads\/2019\/03\/PicsArt_03-16-12.36.31.jpg\" alt=\"\" width=\"1080\" height=\"1060\" srcset=\"https:\/\/starytatko.sk\/wp-content\/uploads\/2019\/03\/PicsArt_03-16-12.36.31.jpg 1080w, https:\/\/starytatko.sk\/wp-content\/uploads\/2019\/03\/PicsArt_03-16-12.36.31-300x294.jpg 300w, https:\/\/starytatko.sk\/wp-content\/uploads\/2019\/03\/PicsArt_03-16-12.36.31-768x754.jpg 768w, https:\/\/starytatko.sk\/wp-content\/uploads\/2019\/03\/PicsArt_03-16-12.36.31-1024x1005.jpg 1024w, https:\/\/starytatko.sk\/wp-content\/uploads\/2019\/03\/PicsArt_03-16-12.36.31-600x589.jpg 600w\" sizes=\"(max-width: 1080px) 100vw, 1080px\" \/><\/p>\n<p>\u00a0<\/p>\n<p style=\"text-align: center;\">Nena\u0161li ste ni\u010d zauj\u00edmav\u00e9, \u010do by V\u00e1s oslovilo? Nevad\u00ed m\u00e1me pre V\u00e1s rie\u0161enie. Vyberte si fotodar\u010dek s vlastnou fotkou a bu\u010fte origin\u00e1lny \u010di chcete obdarova\u0165 seba alebo niekoho in\u00e9ho.<\/p>\n<p>\u00a0<\/p>\n<p><a href=\"https:\/\/foto-darceky.sk\"><img loading=\"lazy\" class=\"aligncenter wp-image-834 size-full\" src=\"https:\/\/starytatko.sk\/wp-content\/uploads\/2019\/02\/PicsArt_02-06-01.22.30.jpg\" alt=\"\" width=\"1080\" height=\"1275\" srcset=\"https:\/\/starytatko.sk\/wp-content\/uploads\/2019\/02\/PicsArt_02-06-01.22.30.jpg 1080w, https:\/\/starytatko.sk\/wp-content\/uploads\/2019\/02\/PicsArt_02-06-01.22.30-254x300.jpg 254w, https:\/\/starytatko.sk\/wp-content\/uploads\/2019\/02\/PicsArt_02-06-01.22.30-768x907.jpg 768w, https:\/\/starytatko.sk\/wp-content\/uploads\/2019\/02\/PicsArt_02-06-01.22.30-867x1024.jpg 867w, https:\/\/starytatko.sk\/wp-content\/uploads\/2019\/02\/PicsArt_02-06-01.22.30-600x708.jpg 600w\" sizes=\"(max-width: 1080px) 100vw, 1080px\" \/><\/a><\/p>\n<p>\u00a0<\/p>\n<p style=\"text-align: center;\">K\u013eudne n\u00e1s ozna\u010dujte na instagrame @starytatko\u00a0<\/p>\n\n\n<p><\/p>\n\n\n\n<p><\/p>\n","protected":false},"excerpt":{"rendered":"<p>\u00a0 \u00a0 Star\u00fd tatko to nie je len predaj kadejak\u00fdch dar\u010dekov, tri\u010diek \u010di hrn\u010dekov. Je to tak\u00e1 v \u00favodzovk\u00e1ch &#8220;rodinno-priate\u013esk\u00e1&#8221; firmi\u010dka, ktor\u00e1 m\u00e1 uchv\u00e1ti\u0165 nejedn\u00e9ho z V\u00e1s preto\u017ee v\u0161etko \u010do rob\u00edme, rob\u00edme z l\u00e1sky k V\u00e1m. \u00a0 \u00a0 Star\u00fd tatko <a href=\"https:\/\/starytatko.sk\/\"> Read more&#8230;<\/a><\/p>\n","protected":false},"author":1,"featured_media":0,"parent":0,"menu_order":0,"comment_status":"closed","ping_status":"open","template":"","meta":{"jetpack_post_was_ever_published":false},"yoast_head":"<!-- This site is optimized with the Yoast SEO plugin v20.6 - https:\/\/yoast.com\/wordpress\/plugins\/seo\/ -->\n<title>Star\u00fd tatko - smaltovan\u00e9 hrn\u010deky, hrn\u010deky, tri\u010dk\u00e1, dar\u010deky, fotodar\u010deky<\/title>\n<meta name=\"description\" content=\"Star\u00fd tatko to nie je len predaj kadejak\u00fdch dar\u010dekov, tri\u010diek \u010di hrn\u010dekov. Je to tak\u00e1 v \u00favodzovk\u00e1ch &quot;rodinno-priate\u013esk\u00e1&quot; firmi\u010dka, ktor\u00e1 m\u00e1 uchv\u00e1ti\u0165 V\u00e1s.\" \/>\n<meta name=\"robots\" content=\"index, follow, max-snippet:-1, max-image-preview:large, max-video-preview:-1\" \/>\n<link rel=\"canonical\" href=\"https:\/\/starytatko.sk\/\" \/>\n<meta property=\"og:locale\" content=\"sk_SK\" \/>\n<meta property=\"og:type\" content=\"article\" \/>\n<meta property=\"og:title\" content=\"Star\u00fd tatko - smaltovan\u00e9 hrn\u010deky, hrn\u010deky, tri\u010dk\u00e1, dar\u010deky, fotodar\u010deky\" \/>\n<meta property=\"og:description\" content=\"Star\u00fd tatko to nie je len predaj kadejak\u00fdch dar\u010dekov, tri\u010diek \u010di hrn\u010dekov. Je to tak\u00e1 v \u00favodzovk\u00e1ch &quot;rodinno-priate\u013esk\u00e1&quot; firmi\u010dka, ktor\u00e1 m\u00e1 uchv\u00e1ti\u0165 V\u00e1s.\" \/>\n<meta property=\"og:url\" content=\"https:\/\/starytatko.sk\/\" \/>\n<meta property=\"og:site_name\" content=\"Star\u00fd Tatko\" \/>\n<meta property=\"article:modified_time\" content=\"2021-09-27T17:54:52+00:00\" \/>\n<meta property=\"og:image\" content=\"https:\/\/starytatko.sk\/wp-content\/uploads\/2019\/03\/PicsArt_03-16-12.36.56.jpg\" \/>\n<meta name=\"twitter:card\" content=\"summary_large_image\" \/>\n<meta name=\"twitter:label1\" content=\"Predpokladan\u00fd \u010das \u010d\u00edtania\" \/>\n\t<meta name=\"twitter:data1\" content=\"2 min\u00faty\" \/>\n<script type=\"application\/ld+json\" class=\"yoast-schema-graph\">{\"@context\":\"https:\/\/schema.org\",\"@graph\":[{\"@type\":\"WebPage\",\"@id\":\"https:\/\/starytatko.sk\/\",\"url\":\"https:\/\/starytatko.sk\/\",\"name\":\"Star\u00fd tatko - smaltovan\u00e9 hrn\u010deky, hrn\u010deky, tri\u010dk\u00e1, dar\u010deky, fotodar\u010deky\",\"isPartOf\":{\"@id\":\"https:\/\/starytatko.sk\/#website\"},\"datePublished\":\"2018-11-27T12:12:41+00:00\",\"dateModified\":\"2021-09-27T17:54:52+00:00\",\"description\":\"Star\u00fd tatko to nie je len predaj kadejak\u00fdch dar\u010dekov, tri\u010diek \u010di hrn\u010dekov. Je to tak\u00e1 v \u00favodzovk\u00e1ch \\\"rodinno-priate\u013esk\u00e1\\\" firmi\u010dka, ktor\u00e1 m\u00e1 uchv\u00e1ti\u0165 V\u00e1s.\",\"breadcrumb\":{\"@id\":\"https:\/\/starytatko.sk\/#breadcrumb\"},\"inLanguage\":\"sk-SK\",\"potentialAction\":[{\"@type\":\"ReadAction\",\"target\":[\"https:\/\/starytatko.sk\/\"]}]},{\"@type\":\"BreadcrumbList\",\"@id\":\"https:\/\/starytatko.sk\/#breadcrumb\",\"itemListElement\":[{\"@type\":\"ListItem\",\"position\":1,\"name\":\"Home\",\"item\":\"https:\/\/starytatko.sk\/\"},{\"@type\":\"ListItem\",\"position\":2,\"name\":\"Star\u00fd tatko\"}]},{\"@type\":\"WebSite\",\"@id\":\"https:\/\/starytatko.sk\/#website\",\"url\":\"https:\/\/starytatko.sk\/\",\"name\":\"Star\u00fd Tatko\",\"description\":\"Veci\u010dky nielen pre deti\u010dky!\",\"publisher\":{\"@id\":\"https:\/\/starytatko.sk\/#organization\"},\"potentialAction\":[{\"@type\":\"SearchAction\",\"target\":{\"@type\":\"EntryPoint\",\"urlTemplate\":\"https:\/\/starytatko.sk\/?s={search_term_string}\"},\"query-input\":\"required name=search_term_string\"}],\"inLanguage\":\"sk-SK\"},{\"@type\":\"Organization\",\"@id\":\"https:\/\/starytatko.sk\/#organization\",\"name\":\"Star\u00fd Tatko\",\"url\":\"https:\/\/starytatko.sk\/\",\"logo\":{\"@type\":\"ImageObject\",\"inLanguage\":\"sk-SK\",\"@id\":\"https:\/\/starytatko.sk\/#\/schema\/logo\/image\/\",\"url\":\"https:\/\/starytatko.sk\/wp-content\/uploads\/2018\/11\/cropped-PicsArt_11-28-01.38.04-3.png\",\"contentUrl\":\"https:\/\/starytatko.sk\/wp-content\/uploads\/2018\/11\/cropped-PicsArt_11-28-01.38.04-3.png\",\"width\":2289,\"height\":1016,\"caption\":\"Star\u00fd Tatko\"},\"image\":{\"@id\":\"https:\/\/starytatko.sk\/#\/schema\/logo\/image\/\"}}]}<\/script>\n<!-- \/ Yoast SEO plugin. -->","yoast_head_json":{"title":"Star\u00fd tatko - smaltovan\u00e9 hrn\u010deky, hrn\u010deky, tri\u010dk\u00e1, dar\u010deky, fotodar\u010deky","description":"Star\u00fd tatko to nie je len predaj kadejak\u00fdch dar\u010dekov, tri\u010diek \u010di hrn\u010dekov. Je to tak\u00e1 v \u00favodzovk\u00e1ch \"rodinno-priate\u013esk\u00e1\" firmi\u010dka, ktor\u00e1 m\u00e1 uchv\u00e1ti\u0165 V\u00e1s.","robots":{"index":"index","follow":"follow","max-snippet":"max-snippet:-1","max-image-preview":"max-image-preview:large","max-video-preview":"max-video-preview:-1"},"canonical":"https:\/\/starytatko.sk\/","og_locale":"sk_SK","og_type":"article","og_title":"Star\u00fd tatko - smaltovan\u00e9 hrn\u010deky, hrn\u010deky, tri\u010dk\u00e1, dar\u010deky, fotodar\u010deky","og_description":"Star\u00fd tatko to nie je len predaj kadejak\u00fdch dar\u010dekov, tri\u010diek \u010di hrn\u010dekov. Je to tak\u00e1 v \u00favodzovk\u00e1ch \"rodinno-priate\u013esk\u00e1\" firmi\u010dka, ktor\u00e1 m\u00e1 uchv\u00e1ti\u0165 V\u00e1s.","og_url":"https:\/\/starytatko.sk\/","og_site_name":"Star\u00fd Tatko","article_modified_time":"2021-09-27T17:54:52+00:00","og_image":[{"url":"https:\/\/starytatko.sk\/wp-content\/uploads\/2019\/03\/PicsArt_03-16-12.36.56.jpg"}],"twitter_card":"summary_large_image","twitter_misc":{"Predpokladan\u00fd \u010das \u010d\u00edtania":"2 min\u00faty"},"schema":{"@context":"https:\/\/schema.org","@graph":[{"@type":"WebPage","@id":"https:\/\/starytatko.sk\/","url":"https:\/\/starytatko.sk\/","name":"Star\u00fd tatko - smaltovan\u00e9 hrn\u010deky, hrn\u010deky, tri\u010dk\u00e1, dar\u010deky, fotodar\u010deky","isPartOf":{"@id":"https:\/\/starytatko.sk\/#website"},"datePublished":"2018-11-27T12:12:41+00:00","dateModified":"2021-09-27T17:54:52+00:00","description":"Star\u00fd tatko to nie je len predaj kadejak\u00fdch dar\u010dekov, tri\u010diek \u010di hrn\u010dekov. Je to tak\u00e1 v \u00favodzovk\u00e1ch \"rodinno-priate\u013esk\u00e1\" firmi\u010dka, ktor\u00e1 m\u00e1 uchv\u00e1ti\u0165 V\u00e1s.","breadcrumb":{"@id":"https:\/\/starytatko.sk\/#breadcrumb"},"inLanguage":"sk-SK","potentialAction":[{"@type":"ReadAction","target":["https:\/\/starytatko.sk\/"]}]},{"@type":"BreadcrumbList","@id":"https:\/\/starytatko.sk\/#breadcrumb","itemListElement":[{"@type":"ListItem","position":1,"name":"Home","item":"https:\/\/starytatko.sk\/"},{"@type":"ListItem","position":2,"name":"Star\u00fd tatko"}]},{"@type":"WebSite","@id":"https:\/\/starytatko.sk\/#website","url":"https:\/\/starytatko.sk\/","name":"Star\u00fd Tatko","description":"Veci\u010dky nielen pre deti\u010dky!","publisher":{"@id":"https:\/\/starytatko.sk\/#organization"},"potentialAction":[{"@type":"SearchAction","target":{"@type":"EntryPoint","urlTemplate":"https:\/\/starytatko.sk\/?s={search_term_string}"},"query-input":"required name=search_term_string"}],"inLanguage":"sk-SK"},{"@type":"Organization","@id":"https:\/\/starytatko.sk\/#organization","name":"Star\u00fd Tatko","url":"https:\/\/starytatko.sk\/","logo":{"@type":"ImageObject","inLanguage":"sk-SK","@id":"https:\/\/starytatko.sk\/#\/schema\/logo\/image\/","url":"https:\/\/starytatko.sk\/wp-content\/uploads\/2018\/11\/cropped-PicsArt_11-28-01.38.04-3.png","contentUrl":"https:\/\/starytatko.sk\/wp-content\/uploads\/2018\/11\/cropped-PicsArt_11-28-01.38.04-3.png","width":2289,"height":1016,"caption":"Star\u00fd Tatko"},"image":{"@id":"https:\/\/starytatko.sk\/#\/schema\/logo\/image\/"}}]}},"jetpack_sharing_enabled":true,"jetpack_shortlink":"https:\/\/wp.me\/PawdaW-2","_links":{"self":[{"href":"https:\/\/starytatko.sk\/index.php\/wp-json\/wp\/v2\/pages\/2"}],"collection":[{"href":"https:\/\/starytatko.sk\/index.php\/wp-json\/wp\/v2\/pages"}],"about":[{"href":"https:\/\/starytatko.sk\/index.php\/wp-json\/wp\/v2\/types\/page"}],"author":[{"embeddable":true,"href":"https:\/\/starytatko.sk\/index.php\/wp-json\/wp\/v2\/users\/1"}],"replies":[{"embeddable":true,"href":"https:\/\/starytatko.sk\/index.php\/wp-json\/wp\/v2\/comments?post=2"}],"version-history":[{"count":24,"href":"https:\/\/starytatko.sk\/index.php\/wp-json\/wp\/v2\/pages\/2\/revisions"}],"predecessor-version":[{"id":5981,"href":"https:\/\/starytatko.sk\/index.php\/wp-json\/wp\/v2\/pages\/2\/revisions\/5981"}],"wp:attachment":[{"href":"https:\/\/starytatko.sk\/index.php\/wp-json\/wp\/v2\/media?parent=2"}],"curies":[{"name":"wp","href":"https:\/\/api.w.org\/{rel}","templated":true}]}}