{"id":542,"date":"2019-01-17T23:44:19","date_gmt":"2019-01-17T22:44:19","guid":{"rendered":"https:\/\/starytatko.sk\/?post_type=product&#038;p=542"},"modified":"2019-01-17T23:44:19","modified_gmt":"2019-01-17T22:44:19","slug":"turisticka-flasa-hello-winter","status":"publish","type":"product","link":"https:\/\/starytatko.sk\/index.php\/produkt\/turisticka-flasa-hello-winter\/","title":{"rendered":"Turistick\u00e1 f\u013ea\u0161a &#8220;Hello winter&#8221;"},"content":{"rendered":"<p>Turistick\u00e1 f\u013ea\u0161a, nielen na k\u00e1vu, \u010daj \u010di grog. F\u013ea\u0161k\u00e1m sme dali \u0161mrnc, ktor\u00fd z nich urob\u00ed nielen elegantn\u00e9 doplnky ale aj z\u00e1bavn\u00e9 dar\u010deky. Sn\u00e1\u010f si t\u00fa svoju n\u00e1jde ka\u017ed\u00fd z V\u00e1s.<\/p>\n<p>Na\u0161e f\u013ea\u0161ti\u010dky m\u00f4\u017eete sledova\u0165 aj na instagrame <a href=\"https:\/\/www.instagram.com\/starytatko\/\">@starytatko<\/a><\/p>\n<p>&nbsp;<\/p>\n<p>Sp\u00f4sob dopravy:<\/p>\n<p>V r\u00e1mci Slovenskej Republiky cez Slovensk\u00fa po\u0161tu na dobierku alebo prevodom na \u00fa\u010det do 2-3 pracovn\u00fdch dn\u00ed<\/p>\n<p>V r\u00e1mci \u010ceskej Republiky cez Slovensk\u00fa po\u0161tu na dobierku alebo prevodom na \u00fa\u010det do 3-5 pracovn\u00fdch dn\u00ed<\/p>\n","protected":false},"excerpt":{"rendered":"<p>Turistick\u00e1 f\u013ea\u0161a nie je vhodn\u00e1 do um\u00fdva\u010dky riadu ani mikrovlnky.<\/p>\n<p>Nerezov\u00e1 f\u013ea\u0161a so smaltom bielej farby. Praktick\u00e1 s malou skobou je vyroben\u00e1 z potravin\u00e1rskeho nerezu a v\u010faka tomu je ve\u013emi \u013eahk\u00e1.<\/p>\n<p>Uz\u00e1ver so z\u00e1vitom je vyroben\u00fd z plastu a obsahuje tesnenie proti pretekaniu vody. F\u013ea\u0161a obsahuje aj mal\u00fa karab\u00ednku na pripevnenie k ruksaku, kabelke, ko\u010d\u00edku \u010di na nohavice.<\/p>\n<p>F\u013ea\u0161ti\u010dka k V\u00e1m poputuje bezpe\u010dne zabalen\u00e1, aby nedo\u0161lo k po\u0161kodeniu po\u010das prepravy a aby mohla dlho dobre sl\u00fa\u017ei\u0165.<\/p>\n<p>Smaltovan\u00e1 F\u013ea\u0161a je ide\u00e1lnym par\u0165\u00e1kom na s\u00e1nkova\u010dky, ly\u017eova\u010dky \u010di in\u00e9 potulky zimou, alebo na dlh\u00e9 mraziv\u00e9 ve\u010dery. Ale k\u013eudne aj na uchovanie \u010daju pre va\u0161e b\u00e1bo v tepl\u00fa\u010dku.<\/p>\n<p class=\"article\"><strong>V\u00fd\u0161ka:\u00a0<\/strong>\u00a0210mm<br \/>\n<strong>Priemer f\u013ea\u0161e:\u00a0<\/strong>\u00a065mm<br \/>\n<strong>Objem:\u00a0<\/strong>\u00a0550ml<br \/>\n<strong>Materi\u00e1l:<\/strong>\u00a0biely smalt, nerez<br \/>\n<strong>Sp\u00f4sob v\u00fdroby:<\/strong>\u00a0potla\u010d, digit\u00e1lna grafika<\/p>\n","protected":false},"featured_media":533,"comment_status":"open","ping_status":"closed","template":"","meta":{"jetpack_post_was_ever_published":false,"jetpack_publicize_message":"","jetpack_is_tweetstorm":false,"jetpack_publicize_feature_enabled":true,"jetpack_social_post_already_shared":true,"jetpack_social_options":{"image_generator_settings":{"template":"highway","enabled":false}}},"product_cat":[22],"product_tag":[],"jetpack_publicize_connections":[],"yoast_head":"<!-- This site is optimized with the Yoast SEO plugin v20.6 - https:\/\/yoast.com\/wordpress\/plugins\/seo\/ -->\n<title>Turistick\u00e1 f\u013ea\u0161a &quot;Hello winter&quot; - Star\u00fd Tatko<\/title>\n<meta name=\"robots\" content=\"index, follow, max-snippet:-1, max-image-preview:large, max-video-preview:-1\" \/>\n<link rel=\"canonical\" href=\"https:\/\/starytatko.sk\/index.php\/produkt\/turisticka-flasa-hello-winter\/\" \/>\n<meta property=\"og:locale\" content=\"sk_SK\" \/>\n<meta property=\"og:type\" content=\"article\" \/>\n<meta property=\"og:title\" content=\"Turistick\u00e1 f\u013ea\u0161a &quot;Hello winter&quot; - Star\u00fd Tatko\" \/>\n<meta property=\"og:description\" content=\"Turistick\u00e1 f\u013ea\u0161a nie je vhodn\u00e1 do um\u00fdva\u010dky riadu ani mikrovlnky.  Nerezov\u00e1 f\u013ea\u0161a so smaltom bielej farby. Praktick\u00e1 s malou skobou je vyroben\u00e1 z potravin\u00e1rskeho nerezu a v\u010faka tomu je ve\u013emi \u013eahk\u00e1.  Uz\u00e1ver so z\u00e1vitom je vyroben\u00fd z plastu a obsahuje tesnenie proti pretekaniu vody. F\u013ea\u0161a obsahuje aj mal\u00fa karab\u00ednku na pripevnenie k ruksaku, kabelke, ko\u010d\u00edku \u010di na nohavice.  F\u013ea\u0161ti\u010dka k V\u00e1m poputuje bezpe\u010dne zabalen\u00e1, aby nedo\u0161lo k po\u0161kodeniu po\u010das prepravy a aby mohla dlho dobre sl\u00fa\u017ei\u0165.  Smaltovan\u00e1 F\u013ea\u0161a je ide\u00e1lnym par\u0165\u00e1kom na s\u00e1nkova\u010dky, ly\u017eova\u010dky \u010di in\u00e9 potulky zimou, alebo na dlh\u00e9 mraziv\u00e9 ve\u010dery. Ale k\u013eudne aj na uchovanie \u010daju pre va\u0161e b\u00e1bo v tepl\u00fa\u010dku. V\u00fd\u0161ka:\u00a0\u00a0210mm Priemer f\u013ea\u0161e:\u00a0\u00a065mm Objem:\u00a0\u00a0550ml Materi\u00e1l:\u00a0biely smalt, nerez Sp\u00f4sob v\u00fdroby:\u00a0potla\u010d, digit\u00e1lna grafika\" \/>\n<meta property=\"og:url\" content=\"https:\/\/starytatko.sk\/index.php\/produkt\/turisticka-flasa-hello-winter\/\" \/>\n<meta property=\"og:site_name\" content=\"Star\u00fd Tatko\" \/>\n<meta property=\"og:image\" content=\"https:\/\/starytatko.sk\/wp-content\/uploads\/2019\/01\/PicsArt_11-28-07.00.24.jpg\" \/>\n\t<meta property=\"og:image:width\" content=\"1080\" \/>\n\t<meta property=\"og:image:height\" content=\"1080\" \/>\n\t<meta property=\"og:image:type\" content=\"image\/jpeg\" \/>\n<meta name=\"twitter:card\" content=\"summary_large_image\" \/>\n<script type=\"application\/ld+json\" class=\"yoast-schema-graph\">{\"@context\":\"https:\/\/schema.org\",\"@graph\":[{\"@type\":\"WebPage\",\"@id\":\"https:\/\/starytatko.sk\/index.php\/produkt\/turisticka-flasa-hello-winter\/\",\"url\":\"https:\/\/starytatko.sk\/index.php\/produkt\/turisticka-flasa-hello-winter\/\",\"name\":\"Turistick\u00e1 f\u013ea\u0161a \\\"Hello winter\\\" - Star\u00fd Tatko\",\"isPartOf\":{\"@id\":\"https:\/\/starytatko.sk\/#website\"},\"datePublished\":\"2019-01-17T22:44:19+00:00\",\"dateModified\":\"2019-01-17T22:44:19+00:00\",\"breadcrumb\":{\"@id\":\"https:\/\/starytatko.sk\/index.php\/produkt\/turisticka-flasa-hello-winter\/#breadcrumb\"},\"inLanguage\":\"sk-SK\",\"potentialAction\":[{\"@type\":\"ReadAction\",\"target\":[\"https:\/\/starytatko.sk\/index.php\/produkt\/turisticka-flasa-hello-winter\/\"]}]},{\"@type\":\"BreadcrumbList\",\"@id\":\"https:\/\/starytatko.sk\/index.php\/produkt\/turisticka-flasa-hello-winter\/#breadcrumb\",\"itemListElement\":[{\"@type\":\"ListItem\",\"position\":1,\"name\":\"Home\",\"item\":\"https:\/\/starytatko.sk\/\"},{\"@type\":\"ListItem\",\"position\":2,\"name\":\"Obchod\",\"item\":\"https:\/\/starytatko.sk\/index.php\/obchod\/\"},{\"@type\":\"ListItem\",\"position\":3,\"name\":\"Turistick\u00e1 f\u013ea\u0161a &#8222;Hello winter&#8220;\"}]},{\"@type\":\"WebSite\",\"@id\":\"https:\/\/starytatko.sk\/#website\",\"url\":\"https:\/\/starytatko.sk\/\",\"name\":\"Star\u00fd Tatko\",\"description\":\"Veci\u010dky nielen pre deti\u010dky!\",\"publisher\":{\"@id\":\"https:\/\/starytatko.sk\/#organization\"},\"potentialAction\":[{\"@type\":\"SearchAction\",\"target\":{\"@type\":\"EntryPoint\",\"urlTemplate\":\"https:\/\/starytatko.sk\/?s={search_term_string}\"},\"query-input\":\"required name=search_term_string\"}],\"inLanguage\":\"sk-SK\"},{\"@type\":\"Organization\",\"@id\":\"https:\/\/starytatko.sk\/#organization\",\"name\":\"Star\u00fd Tatko\",\"url\":\"https:\/\/starytatko.sk\/\",\"logo\":{\"@type\":\"ImageObject\",\"inLanguage\":\"sk-SK\",\"@id\":\"https:\/\/starytatko.sk\/#\/schema\/logo\/image\/\",\"url\":\"https:\/\/starytatko.sk\/wp-content\/uploads\/2018\/11\/cropped-PicsArt_11-28-01.38.04-3.png\",\"contentUrl\":\"https:\/\/starytatko.sk\/wp-content\/uploads\/2018\/11\/cropped-PicsArt_11-28-01.38.04-3.png\",\"width\":2289,\"height\":1016,\"caption\":\"Star\u00fd Tatko\"},\"image\":{\"@id\":\"https:\/\/starytatko.sk\/#\/schema\/logo\/image\/\"}}]}<\/script>\n<!-- \/ Yoast SEO plugin. -->","yoast_head_json":{"title":"Turistick\u00e1 f\u013ea\u0161a \"Hello winter\" - Star\u00fd Tatko","robots":{"index":"index","follow":"follow","max-snippet":"max-snippet:-1","max-image-preview":"max-image-preview:large","max-video-preview":"max-video-preview:-1"},"canonical":"https:\/\/starytatko.sk\/index.php\/produkt\/turisticka-flasa-hello-winter\/","og_locale":"sk_SK","og_type":"article","og_title":"Turistick\u00e1 f\u013ea\u0161a \"Hello winter\" - Star\u00fd Tatko","og_description":"Turistick\u00e1 f\u013ea\u0161a nie je vhodn\u00e1 do um\u00fdva\u010dky riadu ani mikrovlnky.  Nerezov\u00e1 f\u013ea\u0161a so smaltom bielej farby. Praktick\u00e1 s malou skobou je vyroben\u00e1 z potravin\u00e1rskeho nerezu a v\u010faka tomu je ve\u013emi \u013eahk\u00e1.  Uz\u00e1ver so z\u00e1vitom je vyroben\u00fd z plastu a obsahuje tesnenie proti pretekaniu vody. F\u013ea\u0161a obsahuje aj mal\u00fa karab\u00ednku na pripevnenie k ruksaku, kabelke, ko\u010d\u00edku \u010di na nohavice.  F\u013ea\u0161ti\u010dka k V\u00e1m poputuje bezpe\u010dne zabalen\u00e1, aby nedo\u0161lo k po\u0161kodeniu po\u010das prepravy a aby mohla dlho dobre sl\u00fa\u017ei\u0165.  Smaltovan\u00e1 F\u013ea\u0161a je ide\u00e1lnym par\u0165\u00e1kom na s\u00e1nkova\u010dky, ly\u017eova\u010dky \u010di in\u00e9 potulky zimou, alebo na dlh\u00e9 mraziv\u00e9 ve\u010dery. Ale k\u013eudne aj na uchovanie \u010daju pre va\u0161e b\u00e1bo v tepl\u00fa\u010dku. V\u00fd\u0161ka:\u00a0\u00a0210mm Priemer f\u013ea\u0161e:\u00a0\u00a065mm Objem:\u00a0\u00a0550ml Materi\u00e1l:\u00a0biely smalt, nerez Sp\u00f4sob v\u00fdroby:\u00a0potla\u010d, digit\u00e1lna grafika","og_url":"https:\/\/starytatko.sk\/index.php\/produkt\/turisticka-flasa-hello-winter\/","og_site_name":"Star\u00fd Tatko","og_image":[{"width":1080,"height":1080,"url":"https:\/\/starytatko.sk\/wp-content\/uploads\/2019\/01\/PicsArt_11-28-07.00.24.jpg","type":"image\/jpeg"}],"twitter_card":"summary_large_image","schema":{"@context":"https:\/\/schema.org","@graph":[{"@type":"WebPage","@id":"https:\/\/starytatko.sk\/index.php\/produkt\/turisticka-flasa-hello-winter\/","url":"https:\/\/starytatko.sk\/index.php\/produkt\/turisticka-flasa-hello-winter\/","name":"Turistick\u00e1 f\u013ea\u0161a \"Hello winter\" - Star\u00fd Tatko","isPartOf":{"@id":"https:\/\/starytatko.sk\/#website"},"datePublished":"2019-01-17T22:44:19+00:00","dateModified":"2019-01-17T22:44:19+00:00","breadcrumb":{"@id":"https:\/\/starytatko.sk\/index.php\/produkt\/turisticka-flasa-hello-winter\/#breadcrumb"},"inLanguage":"sk-SK","potentialAction":[{"@type":"ReadAction","target":["https:\/\/starytatko.sk\/index.php\/produkt\/turisticka-flasa-hello-winter\/"]}]},{"@type":"BreadcrumbList","@id":"https:\/\/starytatko.sk\/index.php\/produkt\/turisticka-flasa-hello-winter\/#breadcrumb","itemListElement":[{"@type":"ListItem","position":1,"name":"Home","item":"https:\/\/starytatko.sk\/"},{"@type":"ListItem","position":2,"name":"Obchod","item":"https:\/\/starytatko.sk\/index.php\/obchod\/"},{"@type":"ListItem","position":3,"name":"Turistick\u00e1 f\u013ea\u0161a &#8222;Hello winter&#8220;"}]},{"@type":"WebSite","@id":"https:\/\/starytatko.sk\/#website","url":"https:\/\/starytatko.sk\/","name":"Star\u00fd Tatko","description":"Veci\u010dky nielen pre deti\u010dky!","publisher":{"@id":"https:\/\/starytatko.sk\/#organization"},"potentialAction":[{"@type":"SearchAction","target":{"@type":"EntryPoint","urlTemplate":"https:\/\/starytatko.sk\/?s={search_term_string}"},"query-input":"required name=search_term_string"}],"inLanguage":"sk-SK"},{"@type":"Organization","@id":"https:\/\/starytatko.sk\/#organization","name":"Star\u00fd Tatko","url":"https:\/\/starytatko.sk\/","logo":{"@type":"ImageObject","inLanguage":"sk-SK","@id":"https:\/\/starytatko.sk\/#\/schema\/logo\/image\/","url":"https:\/\/starytatko.sk\/wp-content\/uploads\/2018\/11\/cropped-PicsArt_11-28-01.38.04-3.png","contentUrl":"https:\/\/starytatko.sk\/wp-content\/uploads\/2018\/11\/cropped-PicsArt_11-28-01.38.04-3.png","width":2289,"height":1016,"caption":"Star\u00fd Tatko"},"image":{"@id":"https:\/\/starytatko.sk\/#\/schema\/logo\/image\/"}}]}},"jetpack_sharing_enabled":true,"_links":{"self":[{"href":"https:\/\/starytatko.sk\/index.php\/wp-json\/wp\/v2\/product\/542"}],"collection":[{"href":"https:\/\/starytatko.sk\/index.php\/wp-json\/wp\/v2\/product"}],"about":[{"href":"https:\/\/starytatko.sk\/index.php\/wp-json\/wp\/v2\/types\/product"}],"replies":[{"embeddable":true,"href":"https:\/\/starytatko.sk\/index.php\/wp-json\/wp\/v2\/comments?post=542"}],"wp:featuredmedia":[{"embeddable":true,"href":"https:\/\/starytatko.sk\/index.php\/wp-json\/wp\/v2\/media\/533"}],"wp:attachment":[{"href":"https:\/\/starytatko.sk\/index.php\/wp-json\/wp\/v2\/media?parent=542"}],"wp:term":[{"taxonomy":"product_cat","embeddable":true,"href":"https:\/\/starytatko.sk\/index.php\/wp-json\/wp\/v2\/product_cat?post=542"},{"taxonomy":"product_tag","embeddable":true,"href":"https:\/\/starytatko.sk\/index.php\/wp-json\/wp\/v2\/product_tag?post=542"}],"curies":[{"name":"wp","href":"https:\/\/api.w.org\/{rel}","templated":true}]}}