{"id":6873,"date":"2022-11-26T15:32:05","date_gmt":"2022-11-26T14:32:05","guid":{"rendered":"https:\/\/starytatko.sk\/?post_type=product&#038;p=6873"},"modified":"2023-08-14T14:55:05","modified_gmt":"2023-08-14T12:55:05","slug":"biele-tricko-aj-pekna-aj-mudra","status":"publish","type":"product","link":"https:\/\/starytatko.sk\/index.php\/produkt\/biele-tricko-aj-pekna-aj-mudra\/","title":{"rendered":"Biele tri\u010dko &#8220;Aj pekn\u00e1 aj m\u00fadra&#8221;"},"content":{"rendered":"<p>Biele tri\u010dko z pr\u00edjemn\u00e9ho materi\u00e1lu, vhodn\u00e9 na vo\u013en\u00fd \u010das. Na\u0161e tri\u010dko m\u00f4\u017eete aj podarova\u0165 a urobi\u0165 niekoho \u0161\u0165astn\u00fdm. Potla\u010d je \u010diernej farby a neprask\u00e1.<br \/>\nPra\u0165 sa d\u00e1 na 40\u00b0C v pr\u00e1\u010dke, najlep\u0161ie naruby a \u017eehli\u0165 tak isto &#8211; ako pri v\u00e4\u010d\u0161ine potla\u010den\u00fdch tri\u010diek.<\/p>\n<p>Sn\u00e1\u010f si to svoje n\u00e1jde ka\u017ed\u00fd z V\u00e1s.<\/p>\n<p>Na\u0161e tri\u010de\u010dk\u00e1 m\u00f4\u017eete sledova\u0165 aj na instagrame <a href=\"https:\/\/www.instagram.com\/starytatko\/\">@starytatko<\/a><\/p>\n<p>&nbsp;<\/p>\n<p>Sp\u00f4sob dopravy:<\/p>\n<p>V r\u00e1mci Slovenskej Republiky cez Slovensk\u00fa po\u0161tu na dobierku alebo prevodom na \u00fa\u010det do 2-3 pracovn\u00fdch dn\u00ed<\/p>\n<p>V r\u00e1mci \u010ceskej Republiky cez Slovensk\u00fa po\u0161tu na dobierku alebo prevodom na \u00fa\u010det do 3-5 pracovn\u00fdch dn\u00ed<\/p>\n","protected":false},"excerpt":{"rendered":"<p>Toto tri\u010dko sa dobre nos\u00ed a sp\u013a\u0148a krit\u00e9ria, \u010do by si o\u010dak\u00e1val\/a, ba aj pre najn\u00e1ro\u010dnej\u0161\u00edch.<\/p>\n<p><strong>Bude\u0161 v \u0148om \u0161t\u00fdlov\u00fd a rozmazn\u00e1van\u00fd\u00a0<\/strong>&#8211; hod\u00ed sa ti na ka\u017ed\u00fa pr\u00edle\u017eitos\u0165, do mesta, na rande, do \u0161koly \u010di do baru<br \/>\n<strong>Vyber si svoju ve\u013ekos\u0165<\/strong>\u00a0&#8211; bude\u0161 ho nosi\u0165 ve\u013emi r\u00e1d a zv\u00fdrazn\u00ed aj tvoje prednosti<br \/>\n<strong>Kvalita za rozumn\u00fa cenu<\/strong>\u00a0&#8211; \u010di u\u017e ide o farbu, materi\u00e1l alebo potla\u010d<br \/>\n<strong>Je origin\u00e1lne &#8220;TATKOVSK\u00c9&#8221;<\/strong>\u00a0&#8211; \u017eiaden otrepan\u00fd dizajn zo v\u0161adia\u013e naokolo<br \/>\n<strong>Je Slovensk\u00e9<\/strong>\u00a0&#8211; vyroben\u00e9 na Slovensku a hlavne s l\u00e1skou<\/p>\n<p><strong>Ve\u013ekos\u0165:\u00a0<\/strong>na v\u00fdber:<\/p>\n<p>detsk\u00e9 (10r., 12r.)<\/p>\n<p>d\u00e1mske a p\u00e1nske (S,M,L,XL,2XL)<\/p>\n<p>do pozn\u00e1mky uve\u010fte \u010di chcete d\u00e1mske alebo p\u00e1nske<\/p>\n<p><strong>M<\/strong><strong>ateri\u00e1l:<\/strong>\u00a0polyester, biela farba<\/p>\n<p class=\"article\"><strong>Sp\u00f4sob v\u00fdroby:<\/strong>\u00a0potla\u010d, digit\u00e1lna grafika<\/p>\n","protected":false},"featured_media":6881,"comment_status":"open","ping_status":"closed","template":"","meta":{"jetpack_post_was_ever_published":false,"jetpack_publicize_message":"","jetpack_is_tweetstorm":false,"jetpack_publicize_feature_enabled":true,"jetpack_social_post_already_shared":true,"jetpack_social_options":{"image_generator_settings":{"template":"highway","enabled":false}}},"product_cat":[19],"product_tag":[],"jetpack_publicize_connections":[],"yoast_head":"<!-- This site is optimized with the Yoast SEO plugin v20.6 - https:\/\/yoast.com\/wordpress\/plugins\/seo\/ -->\n<title>Biele tri\u010dko &quot;Aj pekn\u00e1 aj m\u00fadra&quot; - Star\u00fd Tatko<\/title>\n<meta name=\"robots\" content=\"index, follow, max-snippet:-1, max-image-preview:large, max-video-preview:-1\" \/>\n<link rel=\"canonical\" href=\"https:\/\/starytatko.sk\/index.php\/produkt\/biele-tricko-aj-pekna-aj-mudra\/\" \/>\n<meta property=\"og:locale\" content=\"sk_SK\" \/>\n<meta property=\"og:type\" content=\"article\" \/>\n<meta property=\"og:title\" content=\"Biele tri\u010dko &quot;Aj pekn\u00e1 aj m\u00fadra&quot; - Star\u00fd Tatko\" \/>\n<meta property=\"og:description\" content=\"Toto tri\u010dko sa dobre nos\u00ed a sp\u013a\u0148a krit\u00e9ria, \u010do by si o\u010dak\u00e1val\/a, ba aj pre najn\u00e1ro\u010dnej\u0161\u00edch.  Bude\u0161 v \u0148om \u0161t\u00fdlov\u00fd a rozmazn\u00e1van\u00fd\u00a0- hod\u00ed sa ti na ka\u017ed\u00fa pr\u00edle\u017eitos\u0165, do mesta, na rande, do \u0161koly \u010di do baru Vyber si svoju ve\u013ekos\u0165\u00a0- bude\u0161 ho nosi\u0165 ve\u013emi r\u00e1d a zv\u00fdrazn\u00ed aj tvoje prednosti Kvalita za rozumn\u00fa cenu\u00a0- \u010di u\u017e ide o farbu, materi\u00e1l alebo potla\u010d Je origin\u00e1lne &quot;TATKOVSK\u00c9&quot;\u00a0- \u017eiaden otrepan\u00fd dizajn zo v\u0161adia\u013e naokolo Je Slovensk\u00e9\u00a0- vyroben\u00e9 na Slovensku a hlavne s l\u00e1skou  Ve\u013ekos\u0165:\u00a0na v\u00fdber:  detsk\u00e9 (10r., 12r.)  d\u00e1mske a p\u00e1nske (S,M,L,XL,2XL)  do pozn\u00e1mky uve\u010fte \u010di chcete d\u00e1mske alebo p\u00e1nske  Materi\u00e1l:\u00a0polyester, biela farba Sp\u00f4sob v\u00fdroby:\u00a0potla\u010d, digit\u00e1lna grafika\" \/>\n<meta property=\"og:url\" content=\"https:\/\/starytatko.sk\/index.php\/produkt\/biele-tricko-aj-pekna-aj-mudra\/\" \/>\n<meta property=\"og:site_name\" content=\"Star\u00fd Tatko\" \/>\n<meta property=\"article:modified_time\" content=\"2023-08-14T12:55:05+00:00\" \/>\n<meta property=\"og:image\" content=\"https:\/\/starytatko.sk\/wp-content\/uploads\/2022\/11\/27.jpg\" \/>\n\t<meta property=\"og:image:width\" content=\"2000\" \/>\n\t<meta property=\"og:image:height\" content=\"2000\" \/>\n\t<meta property=\"og:image:type\" content=\"image\/jpeg\" \/>\n<meta name=\"twitter:card\" content=\"summary_large_image\" \/>\n<meta name=\"twitter:label1\" content=\"Predpokladan\u00fd \u010das \u010d\u00edtania\" \/>\n\t<meta name=\"twitter:data1\" content=\"1 min\u00fata\" \/>\n<script type=\"application\/ld+json\" class=\"yoast-schema-graph\">{\"@context\":\"https:\/\/schema.org\",\"@graph\":[{\"@type\":\"WebPage\",\"@id\":\"https:\/\/starytatko.sk\/index.php\/produkt\/biele-tricko-aj-pekna-aj-mudra\/\",\"url\":\"https:\/\/starytatko.sk\/index.php\/produkt\/biele-tricko-aj-pekna-aj-mudra\/\",\"name\":\"Biele tri\u010dko \\\"Aj pekn\u00e1 aj m\u00fadra\\\" - Star\u00fd Tatko\",\"isPartOf\":{\"@id\":\"https:\/\/starytatko.sk\/#website\"},\"datePublished\":\"2022-11-26T14:32:05+00:00\",\"dateModified\":\"2023-08-14T12:55:05+00:00\",\"breadcrumb\":{\"@id\":\"https:\/\/starytatko.sk\/index.php\/produkt\/biele-tricko-aj-pekna-aj-mudra\/#breadcrumb\"},\"inLanguage\":\"sk-SK\",\"potentialAction\":[{\"@type\":\"ReadAction\",\"target\":[\"https:\/\/starytatko.sk\/index.php\/produkt\/biele-tricko-aj-pekna-aj-mudra\/\"]}]},{\"@type\":\"BreadcrumbList\",\"@id\":\"https:\/\/starytatko.sk\/index.php\/produkt\/biele-tricko-aj-pekna-aj-mudra\/#breadcrumb\",\"itemListElement\":[{\"@type\":\"ListItem\",\"position\":1,\"name\":\"Home\",\"item\":\"https:\/\/starytatko.sk\/\"},{\"@type\":\"ListItem\",\"position\":2,\"name\":\"Obchod\",\"item\":\"https:\/\/starytatko.sk\/index.php\/obchod\/\"},{\"@type\":\"ListItem\",\"position\":3,\"name\":\"Biele tri\u010dko &#8220;Aj pekn\u00e1 aj m\u00fadra&#8221;\"}]},{\"@type\":\"WebSite\",\"@id\":\"https:\/\/starytatko.sk\/#website\",\"url\":\"https:\/\/starytatko.sk\/\",\"name\":\"Star\u00fd Tatko\",\"description\":\"Veci\u010dky nielen pre deti\u010dky!\",\"publisher\":{\"@id\":\"https:\/\/starytatko.sk\/#organization\"},\"potentialAction\":[{\"@type\":\"SearchAction\",\"target\":{\"@type\":\"EntryPoint\",\"urlTemplate\":\"https:\/\/starytatko.sk\/?s={search_term_string}\"},\"query-input\":\"required name=search_term_string\"}],\"inLanguage\":\"sk-SK\"},{\"@type\":\"Organization\",\"@id\":\"https:\/\/starytatko.sk\/#organization\",\"name\":\"Star\u00fd Tatko\",\"url\":\"https:\/\/starytatko.sk\/\",\"logo\":{\"@type\":\"ImageObject\",\"inLanguage\":\"sk-SK\",\"@id\":\"https:\/\/starytatko.sk\/#\/schema\/logo\/image\/\",\"url\":\"https:\/\/starytatko.sk\/wp-content\/uploads\/2018\/11\/cropped-PicsArt_11-28-01.38.04-3.png\",\"contentUrl\":\"https:\/\/starytatko.sk\/wp-content\/uploads\/2018\/11\/cropped-PicsArt_11-28-01.38.04-3.png\",\"width\":2289,\"height\":1016,\"caption\":\"Star\u00fd Tatko\"},\"image\":{\"@id\":\"https:\/\/starytatko.sk\/#\/schema\/logo\/image\/\"}}]}<\/script>\n<!-- \/ Yoast SEO plugin. -->","yoast_head_json":{"title":"Biele tri\u010dko \"Aj pekn\u00e1 aj m\u00fadra\" - Star\u00fd Tatko","robots":{"index":"index","follow":"follow","max-snippet":"max-snippet:-1","max-image-preview":"max-image-preview:large","max-video-preview":"max-video-preview:-1"},"canonical":"https:\/\/starytatko.sk\/index.php\/produkt\/biele-tricko-aj-pekna-aj-mudra\/","og_locale":"sk_SK","og_type":"article","og_title":"Biele tri\u010dko \"Aj pekn\u00e1 aj m\u00fadra\" - Star\u00fd Tatko","og_description":"Toto tri\u010dko sa dobre nos\u00ed a sp\u013a\u0148a krit\u00e9ria, \u010do by si o\u010dak\u00e1val\/a, ba aj pre najn\u00e1ro\u010dnej\u0161\u00edch.  Bude\u0161 v \u0148om \u0161t\u00fdlov\u00fd a rozmazn\u00e1van\u00fd\u00a0- hod\u00ed sa ti na ka\u017ed\u00fa pr\u00edle\u017eitos\u0165, do mesta, na rande, do \u0161koly \u010di do baru Vyber si svoju ve\u013ekos\u0165\u00a0- bude\u0161 ho nosi\u0165 ve\u013emi r\u00e1d a zv\u00fdrazn\u00ed aj tvoje prednosti Kvalita za rozumn\u00fa cenu\u00a0- \u010di u\u017e ide o farbu, materi\u00e1l alebo potla\u010d Je origin\u00e1lne \"TATKOVSK\u00c9\"\u00a0- \u017eiaden otrepan\u00fd dizajn zo v\u0161adia\u013e naokolo Je Slovensk\u00e9\u00a0- vyroben\u00e9 na Slovensku a hlavne s l\u00e1skou  Ve\u013ekos\u0165:\u00a0na v\u00fdber:  detsk\u00e9 (10r., 12r.)  d\u00e1mske a p\u00e1nske (S,M,L,XL,2XL)  do pozn\u00e1mky uve\u010fte \u010di chcete d\u00e1mske alebo p\u00e1nske  Materi\u00e1l:\u00a0polyester, biela farba Sp\u00f4sob v\u00fdroby:\u00a0potla\u010d, digit\u00e1lna grafika","og_url":"https:\/\/starytatko.sk\/index.php\/produkt\/biele-tricko-aj-pekna-aj-mudra\/","og_site_name":"Star\u00fd Tatko","article_modified_time":"2023-08-14T12:55:05+00:00","og_image":[{"width":2000,"height":2000,"url":"https:\/\/starytatko.sk\/wp-content\/uploads\/2022\/11\/27.jpg","type":"image\/jpeg"}],"twitter_card":"summary_large_image","twitter_misc":{"Predpokladan\u00fd \u010das \u010d\u00edtania":"1 min\u00fata"},"schema":{"@context":"https:\/\/schema.org","@graph":[{"@type":"WebPage","@id":"https:\/\/starytatko.sk\/index.php\/produkt\/biele-tricko-aj-pekna-aj-mudra\/","url":"https:\/\/starytatko.sk\/index.php\/produkt\/biele-tricko-aj-pekna-aj-mudra\/","name":"Biele tri\u010dko \"Aj pekn\u00e1 aj m\u00fadra\" - Star\u00fd Tatko","isPartOf":{"@id":"https:\/\/starytatko.sk\/#website"},"datePublished":"2022-11-26T14:32:05+00:00","dateModified":"2023-08-14T12:55:05+00:00","breadcrumb":{"@id":"https:\/\/starytatko.sk\/index.php\/produkt\/biele-tricko-aj-pekna-aj-mudra\/#breadcrumb"},"inLanguage":"sk-SK","potentialAction":[{"@type":"ReadAction","target":["https:\/\/starytatko.sk\/index.php\/produkt\/biele-tricko-aj-pekna-aj-mudra\/"]}]},{"@type":"BreadcrumbList","@id":"https:\/\/starytatko.sk\/index.php\/produkt\/biele-tricko-aj-pekna-aj-mudra\/#breadcrumb","itemListElement":[{"@type":"ListItem","position":1,"name":"Home","item":"https:\/\/starytatko.sk\/"},{"@type":"ListItem","position":2,"name":"Obchod","item":"https:\/\/starytatko.sk\/index.php\/obchod\/"},{"@type":"ListItem","position":3,"name":"Biele tri\u010dko &#8220;Aj pekn\u00e1 aj m\u00fadra&#8221;"}]},{"@type":"WebSite","@id":"https:\/\/starytatko.sk\/#website","url":"https:\/\/starytatko.sk\/","name":"Star\u00fd Tatko","description":"Veci\u010dky nielen pre deti\u010dky!","publisher":{"@id":"https:\/\/starytatko.sk\/#organization"},"potentialAction":[{"@type":"SearchAction","target":{"@type":"EntryPoint","urlTemplate":"https:\/\/starytatko.sk\/?s={search_term_string}"},"query-input":"required name=search_term_string"}],"inLanguage":"sk-SK"},{"@type":"Organization","@id":"https:\/\/starytatko.sk\/#organization","name":"Star\u00fd Tatko","url":"https:\/\/starytatko.sk\/","logo":{"@type":"ImageObject","inLanguage":"sk-SK","@id":"https:\/\/starytatko.sk\/#\/schema\/logo\/image\/","url":"https:\/\/starytatko.sk\/wp-content\/uploads\/2018\/11\/cropped-PicsArt_11-28-01.38.04-3.png","contentUrl":"https:\/\/starytatko.sk\/wp-content\/uploads\/2018\/11\/cropped-PicsArt_11-28-01.38.04-3.png","width":2289,"height":1016,"caption":"Star\u00fd Tatko"},"image":{"@id":"https:\/\/starytatko.sk\/#\/schema\/logo\/image\/"}}]}},"jetpack_sharing_enabled":true,"_links":{"self":[{"href":"https:\/\/starytatko.sk\/index.php\/wp-json\/wp\/v2\/product\/6873"}],"collection":[{"href":"https:\/\/starytatko.sk\/index.php\/wp-json\/wp\/v2\/product"}],"about":[{"href":"https:\/\/starytatko.sk\/index.php\/wp-json\/wp\/v2\/types\/product"}],"replies":[{"embeddable":true,"href":"https:\/\/starytatko.sk\/index.php\/wp-json\/wp\/v2\/comments?post=6873"}],"wp:featuredmedia":[{"embeddable":true,"href":"https:\/\/starytatko.sk\/index.php\/wp-json\/wp\/v2\/media\/6881"}],"wp:attachment":[{"href":"https:\/\/starytatko.sk\/index.php\/wp-json\/wp\/v2\/media?parent=6873"}],"wp:term":[{"taxonomy":"product_cat","embeddable":true,"href":"https:\/\/starytatko.sk\/index.php\/wp-json\/wp\/v2\/product_cat?post=6873"},{"taxonomy":"product_tag","embeddable":true,"href":"https:\/\/starytatko.sk\/index.php\/wp-json\/wp\/v2\/product_tag?post=6873"}],"curies":[{"name":"wp","href":"https:\/\/api.w.org\/{rel}","templated":true}]}}